{"id":3220,"date":"2018-02-11T07:44:17","date_gmt":"2018-02-11T07:44:17","guid":{"rendered":"http:\/\/www.chrisfraikin.com\/?page_id=3220"},"modified":"2025-06-12T18:51:19","modified_gmt":"2025-06-12T18:51:19","slug":"others-say","status":"publish","type":"page","link":"https:\/\/www.chrisfraikin.com\/index.php\/others-say\/","title":{"rendered":"Others say&#8230;"},"content":{"rendered":"<p>I love your eye, Chris; your framing, your sense of balance, of composition, of color, of texture &#8211; you rule, dude! <em>&#8211; Duncan Brown <\/em><\/p>\n<p>Hallo das Bild ist Wunderbar und so Genial und der Hammer <em>&#8211; Gaby Clement<\/em><\/p>\n<p>I swear your minimalist eye and talented eye for composition blows me away <em>&#8211; Adrienne Parks<\/em><\/p>\n<p>Absolutely brilliant images. The clarity, detail, and composition is so good! I love every image. (I love architectural &#8216;abstracts&#8217; anyway, and these are outstanding.) &#8211;\u00a0<em>Laura Finkelstein<\/em><\/p>\n<p>Me encanta la composici\u00f3n, los espacios tan definidos que hay, los colores, como l\u00edneas nacen desde las esquinas opuestas. Se nota que hay un gran trabajo detr\u00e1s de la imagen\u00a0<em>&#8211; Mendo de Mendoza<\/em><\/p>\n<p>Easily the best, most underrated photographer in the whole platform. What a joy and inspiration <em>&#8211; Alex Alex<\/em><\/p>\n<p>The photographic works of Chris testify how the simple compositions can be really effective in drawing viewers\u2019 attention instantly. Mostly using the architectural elements and most of all, having an observant eye for the same, is what makes his images so artful. <em>&#8211;\u00a0Pankaj Anand<\/em><\/p>\n<p>Chris Fraikin\u00a0has achieved a &#8220;signature&#8221; in his work. All the photos I&#8217;ve seen by him contain an exquisite taste for color combination, flawless alignment and eye catching composition. I believe, this is the accent of a photographer who has arrived\u00a0to a level of expression, that goes beyond the ordinary. &#8211;\u00a0<em>Jose E. Molina<\/em><\/p>\n<p>Where do you live? In minimalist city, USA? Every day you have a new minimalist masterpiece. Unbelievable. &#8211; <em>Adam Michels<\/em><\/p>\n<p>You&#8217;re a very superb photographer. You know that? <em>&#8211; Joey Scotty<\/em><\/p>\n<p>Anyone interested in architectural minimalism can learn a lot about framing from studying Chris&#8217; photos. They&#8217;re always meticulously rendered. &#8211; <em>Alan Oslund<\/em><\/p>\n<p>I love his work, I find his mastery of visual geometry in everyday architecture impressive. &#8211; <em>Jos\u00e9 Antonio Hern\u00e1ndez<\/em><\/p>\n<p>I can recognise your pics even without seeing your name&#8230; you find perfect beauty and symmetry in most unglamorous things\/places&#8230; &#8211; <em>Shobhamani Tripathi<\/em><\/p>\n<p>Wow! Just when I thought I knew who the best minimalists are, I come across this guy! Definitely in thatvery, very thin layer at the very, very top. &#8211; <em>Al Jackson<\/em><\/p>\n<div class=\"ecm0bbzt e5nlhep0 a8c37x1j\">\n<div class=\"kvgmc6g5 cxmmr5t8 oygrvhab hcukyx3x c1et5uql\">\n<div dir=\"auto\">Son excelentes, como corresponde al exquisito estilo con que nos tiene acostumbrados Chris Fraikin &#8211; <em><em><span class=\"pq6dq46d\"><span class=\"d2edcug0 hpfvmrgz qv66sw1b c1et5uql rrkovp55 a8c37x1j keod5gw0 nxhoafnm aigsh9s9 d9wwppkn fe6kdd0r mau55g9w c8b282yb mdeji52x e9vueds3 j5wam9gi lrazzd5p oo9gr5id\" dir=\"auto\">Carlos Mu\u00f1iz Cueto<\/span><\/span><\/em><\/em><\/div>\n<div dir=\"auto\">\u00a0<\/div>\n<\/div>\n<\/div>\n<div dir=\"auto\">Chris, tus ojos de fot\u00f3grafo, son mucho mas de lo que un fot\u00f3grafo al uso sabemos ver. Tu ves orden, planificaci\u00f3n, estructuras, espacios, contextos, contrastes y armon\u00eda en el color. Eres mucho mas que un fot\u00f3grafo. No aprietas el disparador a una escena bonita que se te ha aparecido en tu recorrido, no. Tu buscas con la mirada la composici\u00f3n que a nosotros nos pasa desapercibida. Eres un ARTISTA. &#8211; <em><em>Jose Miguel Soria Perete<\/em><\/em><\/div>\n<div dir=\"auto\">\u00a0<\/div>\n<div dir=\"auto\"><span style=\"color: initial;\">I&#8217;ve always admired Chris Fraikin<\/span><span style=\"color: initial;\">&#8217;s precision in his architectural minimalism. It has a formal abstraction that is so appealing. &#8211; <em>Robert Armstrong<\/em><\/span><\/div>\n<div dir=\"auto\">\u00a0<\/div>\n<div dir=\"auto\"><span class=\"xt0psk2\">Chris Frai<\/span><span class=\"xt0psk2\">kin<\/span>, who are you?! I am continuously impressed with what you do. You know exactly where the line of perfection and balance exist. Which is really easy if only one can let go of anything that keeps you from the edge. (Chris, I just reread this. I believe that is the most esoteric compliment I have ever uttered.-) It&#8217;s fitting given your work. It&#8217;s a pleasure for me every day. &#8211; <em>Jerry Downs<\/em><\/div>\n<div dir=\"auto\">\u00a0<\/div>\n<div dir=\"auto\">My compliments to <span class=\"html-span xdj266r x14z9mp xat24cr x1lziwak xexx8yu xyri2b x18d9i69 x1c1uobl x1hl2dhg x16tdsg8 x1vvkbs\"><span class=\"xt0psk2\"><span class=\"xjp7ctv\">Chris Fraikin<\/span><\/span><\/span> &#8211; his work is absolute UNIQUE and beautiful, in the way of taking urban minimalism and displaying it! I&#8217;m a huge fan of this artist! One of the best in this item of photography! &#8211; <em>Pia Eigenberger<\/em><\/div>\n\n\n<p><\/p>\n","protected":false},"excerpt":{"rendered":"<p>I love your eye, Chris; your framing, your sense of balance, of composition, of color, of texture &#8211; you rule, dude! &#8211; Duncan Brown Hallo das Bild ist Wunderbar und &#8230; <\/p>\n<div> <span class=\"clearfix\"> <a href=\"https:\/\/www.chrisfraikin.com\/index.php\/others-say\/\" class=\"more-link entry__more-link float-left\">Read More <span class=\"screen-reader-text sr-only\"> About: Others say&#8230; <\/span><\/a><\/span> <\/div>\n","protected":false},"author":1,"featured_media":0,"parent":0,"menu_order":40,"comment_status":"closed","ping_status":"closed","template":"","meta":{"mbm-layout":"","masonry_gallery_enable_secondary_view":true,"masonry_gallery_secondary_view":"slider","masonry_gallery_default_view":"masonry","footnotes":""},"class_list":["entry","entry--3220","entry--type-page","entry--status-publish","entry--author-chrisfraikin"],"_links":{"self":[{"href":"https:\/\/www.chrisfraikin.com\/index.php\/wp-json\/wp\/v2\/pages\/3220","targetHints":{"allow":["GET"]}}],"collection":[{"href":"https:\/\/www.chrisfraikin.com\/index.php\/wp-json\/wp\/v2\/pages"}],"about":[{"href":"https:\/\/www.chrisfraikin.com\/index.php\/wp-json\/wp\/v2\/types\/page"}],"author":[{"embeddable":true,"href":"https:\/\/www.chrisfraikin.com\/index.php\/wp-json\/wp\/v2\/users\/1"}],"replies":[{"embeddable":true,"href":"https:\/\/www.chrisfraikin.com\/index.php\/wp-json\/wp\/v2\/comments?post=3220"}],"version-history":[{"count":6,"href":"https:\/\/www.chrisfraikin.com\/index.php\/wp-json\/wp\/v2\/pages\/3220\/revisions"}],"predecessor-version":[{"id":7521,"href":"https:\/\/www.chrisfraikin.com\/index.php\/wp-json\/wp\/v2\/pages\/3220\/revisions\/7521"}],"wp:attachment":[{"href":"https:\/\/www.chrisfraikin.com\/index.php\/wp-json\/wp\/v2\/media?parent=3220"}],"curies":[{"name":"wp","href":"https:\/\/api.w.org\/{rel}","templated":true}]}}